{"id":27010372,"date":"2024-10-30T09:51:12","date_gmt":"2024-10-30T09:51:12","guid":{"rendered":"https:\/\/agriturismopratioitzinger.it\/aktivitaeten\/"},"modified":"2025-11-28T10:12:45","modified_gmt":"2025-11-28T10:12:45","slug":"aktivitaeten","status":"publish","type":"page","link":"https:\/\/agriturismopratioitzinger.it\/de\/aktivitaeten\/","title":{"rendered":"Aktivit\u00e4ten"},"content":{"rendered":"<p>[et_pb_section fb_built=&#8220;1&#8243; fullwidth=&#8220;on&#8220; _builder_version=&#8220;4.27.4&#8243; _module_preset=&#8220;default&#8220; custom_margin=&#8220;||||false|false&#8220; animation_direction=&#8220;top&#8220; locked=&#8220;off&#8220; global_colors_info=&#8220;{}&#8220;][et_pb_fullwidth_header title=&#8220;Aktivit\u00e4ten&#8220; subhead=&#8220;Eine Welt voller M\u00f6glichkeiten erwartet euch&#8220; text_orientation=&#8220;center&#8220; header_scroll_down=&#8220;on&#8220; scroll_down_icon=&#8220;%%0%%&#8220; scroll_down_icon_size=&#8220;40px&#8220; _builder_version=&#8220;4.27.4&#8243; _module_preset=&#8220;default&#8220; title_font_size=&#8220;3.2vw&#8220; title_line_height=&#8220;1.2em&#8220; content_font=&#8220;|300|||||||&#8220; content_font_size=&#8220;24px&#8220; subhead_font=&#8220;|300|||||||&#8220; subhead_font_size=&#8220;23px&#8220; subhead_line_height=&#8220;1.2em&#8220; background_enable_color=&#8220;off&#8220; use_background_color_gradient=&#8220;on&#8220; background_color_gradient_stops=&#8220;rgba(48,48,48,0.64) 0%|rgba(10,10,10,0.8) 100%&#8220; background_color_gradient_overlays_image=&#8220;on&#8220; background_image=&#8220;https:\/\/agriturismopratioitzinger.it\/wp-content\/uploads\/2024\/11\/prati-oitzinger-esterni-24.jpg&#8220; parallax=&#8220;on&#8220; custom_padding=&#8220;160px||190px||false|false&#8220; scroll_vertical_motion=&#8220;0|96|96|100|0|0|-1&#8243; title_font_size_tablet=&#8220;42px&#8220; title_font_size_phone=&#8220;26px&#8220; title_font_size_last_edited=&#8220;on|desktop&#8220; content_font_size_tablet=&#8220;24px&#8220; content_font_size_phone=&#8220;24px&#8220; content_font_size_last_edited=&#8220;on|phone&#8220; subhead_font_size_tablet=&#8220;21px&#8220; subhead_font_size_phone=&#8220;17px&#8220; subhead_font_size_last_edited=&#8220;on|phone&#8220; global_colors_info=&#8220;{}&#8220;][\/et_pb_fullwidth_header][\/et_pb_section][et_pb_section fb_built=&#8220;1&#8243; _builder_version=&#8220;4.27.4&#8243; _module_preset=&#8220;default&#8220; background_color=&#8220;#F3F6F4&#8243; global_colors_info=&#8220;{}&#8220;][et_pb_row column_structure=&#8220;1_2,1_2&#8243; use_custom_gutter=&#8220;on&#8220; gutter_width=&#8220;2&#8243; _builder_version=&#8220;4.16&#8243; _module_preset=&#8220;default&#8220; global_colors_info=&#8220;{}&#8220;][et_pb_column type=&#8220;1_2&#8243; _builder_version=&#8220;4.16&#8243; _module_preset=&#8220;default&#8220; global_colors_info=&#8220;{}&#8220;][et_pb_text _builder_version=&#8220;4.27.4&#8243; _module_preset=&#8220;default&#8220; text_font=&#8220;|700|||||||&#8220; text_text_color=&#8220;#124a2f&#8220; text_font_size=&#8220;38px&#8220; text_line_height=&#8220;1.2em&#8220; animation_style=&#8220;fade&#8220; text_font_size_tablet=&#8220;30px&#8220; text_font_size_phone=&#8220;26px&#8220; text_font_size_last_edited=&#8220;on|desktop&#8220; global_colors_info=&#8220;{}&#8220;]<\/p>\n<p><span>Entdeckt das Saisera-Tal: Abenteuer und Entdeckungen f\u00fcr jede Jahreszeit<\/span><\/p>\n<p>[\/et_pb_text][\/et_pb_column][et_pb_column type=&#8220;1_2&#8243; _builder_version=&#8220;4.16&#8243; _module_preset=&#8220;default&#8220; global_colors_info=&#8220;{}&#8220;][et_pb_text _builder_version=&#8220;4.27.4&#8243; _module_preset=&#8220;default&#8220; text_font=&#8220;||||||||&#8220; text_text_color=&#8220;gcid-0cd5be2a-129e-4e67-a724-bf934dad2e86&#8243; module_alignment=&#8220;center&#8220; animation_style=&#8220;fade&#8220; text_font_size_tablet=&#8220;&#8220; text_font_size_phone=&#8220;15px&#8220; text_font_size_last_edited=&#8220;on|phone&#8220; global_colors_info=&#8220;{%22gcid-0cd5be2a-129e-4e67-a724-bf934dad2e86%22:%91%22text_text_color%22%93}&#8220;]<\/p>\n<p>Der Agriturismo Prati Oitzinger ist der ideale Ausgangspunkt, um in die Wunder des Tarviser Landes einzutauchen, einer Region, die eine unglaubliche Vielfalt an Aktivit\u00e4ten und Erlebnissen f\u00fcr jeden Geschmack und zu jeder Jahreszeit bietet. <\/p>\n<p>Umgeben von der Majest\u00e4t der Julischen Alpen k\u00f6nnen unsere G\u00e4ste aus unz\u00e4hligen M\u00f6glichkeiten w\u00e4hlen, ihren Urlaub zu bereichern und unvergessliche Erinnerungen zu schaffen.<\/p>\n<p>[\/et_pb_text][\/et_pb_column][\/et_pb_row][\/et_pb_section][et_pb_section fb_built=&#8220;1&#8243; _builder_version=&#8220;4.16&#8243; _module_preset=&#8220;default&#8220; global_colors_info=&#8220;{}&#8220;][et_pb_row column_structure=&#8220;1_2,1_2&#8243; make_equal=&#8220;on&#8220; _builder_version=&#8220;4.27.4&#8243; _module_preset=&#8220;default&#8220; global_colors_info=&#8220;{}&#8220;][et_pb_column type=&#8220;1_2&#8243; module_class=&#8220;dp-vertical-align&#8220; _builder_version=&#8220;4.27.4&#8243; _module_preset=&#8220;default&#8220; global_colors_info=&#8220;{}&#8220;][et_pb_text _builder_version=&#8220;4.27.4&#8243; _module_preset=&#8220;default&#8220; header_2_text_color=&#8220;#124a2f&#8220; header_2_font_size=&#8220;30px&#8220; header_2_line_height=&#8220;1.2em&#8220; custom_margin=&#8220;||0px|||&#8220; animation_style=&#8220;fade&#8220; text_font_size_tablet=&#8220;&#8220; text_font_size_phone=&#8220;18px&#8220; text_font_size_last_edited=&#8220;on|phone&#8220; header_2_font_size_tablet=&#8220;28px&#8220; header_2_font_size_phone=&#8220;24px&#8220; header_2_font_size_last_edited=&#8220;on|phone&#8220; global_colors_info=&#8220;{}&#8220;]<\/p>\n<h2> Natur- und Outdoor-Liebhaber<\/h2>\n<p>[\/et_pb_text][et_pb_text _builder_version=&#8220;4.27.4&#8243; _module_preset=&#8220;default&#8220; text_font=&#8220;||||||||&#8220; text_text_color=&#8220;gcid-0cd5be2a-129e-4e67-a724-bf934dad2e86&#8243; text_font_size=&#8220;15px&#8220; module_alignment=&#8220;center&#8220; animation_style=&#8220;fade&#8220; global_colors_info=&#8220;{%22gcid-0cd5be2a-129e-4e67-a724-bf934dad2e86%22:%91%22text_text_color%22%93}&#8220;]Lasst euch von einem Netz aus Wanderwegen verzaubern, die sich durch jahrhundertealte W\u00e4lder, Almwiesen und Panoramagipfel schl\u00e4ngeln.<\/p>\n<p>Vom anspruchsvollen Trekking bis zu entspannten Spazierg\u00e4ngen f\u00fcr die ganze Familie k\u00f6nnt ihr kristallklare Seen wie die Fusine-Seen entdecken, die lokale Flora und Fauna bewundern oder einfach die reine Bergluft atmen.<\/p>\n<p>Im Winter verwandelt sich die Landschaft in ein Paradies f\u00fcr Ski-, Schneeschuh- und Skitourengeher.[\/et_pb_text][\/et_pb_column][et_pb_column type=&#8220;1_2&#8243; module_class=&#8220;dp-vertical-align&#8220; _builder_version=&#8220;4.16&#8243; _module_preset=&#8220;default&#8220; global_colors_info=&#8220;{}&#8220;][et_pb_gallery gallery_ids=&#8220;27010373,27010374,27010375,27010376&#8243; fullwidth=&#8220;on&#8220; _builder_version=&#8220;4.27.4&#8243; _module_preset=&#8220;default&#8220; animation_style=&#8220;slide&#8220; animation_direction=&#8220;right&#8220; animation_intensity_slide=&#8220;5%&#8220; auto=&#8220;on&#8220; auto_speed=&#8220;3000&#8243; border_radii=&#8220;on|10px|10px|10px|10px&#8220; global_colors_info=&#8220;{}&#8220;][\/et_pb_gallery][\/et_pb_column][\/et_pb_row][et_pb_row column_structure=&#8220;1_2,1_2&#8243; make_equal=&#8220;on&#8220; _builder_version=&#8220;4.27.4&#8243; _module_preset=&#8220;default&#8220; global_colors_info=&#8220;{}&#8220;][et_pb_column type=&#8220;1_2&#8243; module_class=&#8220;dp-vertical-align&#8220; _builder_version=&#8220;4.27.4&#8243; _module_preset=&#8220;default&#8220; global_colors_info=&#8220;{}&#8220;][et_pb_text _builder_version=&#8220;4.27.4&#8243; _module_preset=&#8220;default&#8220; header_2_text_color=&#8220;#124a2f&#8220; header_2_font_size=&#8220;30px&#8220; header_2_line_height=&#8220;1.2em&#8220; custom_margin=&#8220;||0px|||&#8220; animation_style=&#8220;fade&#8220; text_font_size_tablet=&#8220;&#8220; text_font_size_phone=&#8220;18px&#8220; text_font_size_last_edited=&#8220;on|phone&#8220; header_2_font_size_tablet=&#8220;28px&#8220; header_2_font_size_phone=&#8220;24px&#8220; header_2_font_size_last_edited=&#8220;on|phone&#8220; global_colors_info=&#8220;{}&#8220;]<\/p>\n<h2>Sport und Abenteuer<\/h2>\n<p>[\/et_pb_text][et_pb_text _builder_version=&#8220;4.27.4&#8243; _module_preset=&#8220;default&#8220; text_font=&#8220;||||||||&#8220; text_text_color=&#8220;gcid-0cd5be2a-129e-4e67-a724-bf934dad2e86&#8243; text_font_size=&#8220;15px&#8220; module_alignment=&#8220;center&#8220; animation_style=&#8220;fade&#8220; global_colors_info=&#8220;{%22gcid-0cd5be2a-129e-4e67-a724-bf934dad2e86%22:%91%22text_text_color%22%93}&#8220;]<\/p>\n<p>F\u00fcr die Aktiveren bietet das Tarviser Land Mountainbike-Strecken unterschiedlicher Schwierigkeitsgrade, Kletterm\u00f6glichkeiten und in der kalten Jahreszeit moderne Skigebiete sowie Langlaufloipen.<\/p>\n<p>Die Gew\u00e4sser der Fl\u00fcsse und B\u00e4che k\u00f6nnen in den w\u00e4rmeren Monaten Anregungen f\u00fcr Sportfischen oder andere Wasseraktivit\u00e4ten bieten.<\/p>\n<p>[\/et_pb_text][\/et_pb_column][et_pb_column type=&#8220;1_2&#8243; module_class=&#8220;dp-vertical-align&#8220; _builder_version=&#8220;4.16&#8243; _module_preset=&#8220;default&#8220; global_colors_info=&#8220;{}&#8220;][et_pb_image src=&#8220;https:\/\/agriturismopratioitzinger.it\/wp-content\/uploads\/2025\/09\/prati-oitzinger-agriturismo-14.jpg&#8220; title_text=&#8220;prati-oitzinger-agriturismo-14&#8243; force_fullwidth=&#8220;on&#8220; _builder_version=&#8220;4.27.4&#8243; _module_preset=&#8220;default&#8220; animation_style=&#8220;slide&#8220; animation_direction=&#8220;right&#8220; animation_intensity_slide=&#8220;5%&#8220; border_radii=&#8220;on|10px|10px|10px|10px&#8220; global_colors_info=&#8220;{}&#8220;][\/et_pb_image][\/et_pb_column][\/et_pb_row][et_pb_row column_structure=&#8220;1_2,1_2&#8243; make_equal=&#8220;on&#8220; _builder_version=&#8220;4.27.4&#8243; _module_preset=&#8220;default&#8220; global_colors_info=&#8220;{}&#8220;][et_pb_column type=&#8220;1_2&#8243; module_class=&#8220;dp-vertical-align&#8220; _builder_version=&#8220;4.27.4&#8243; _module_preset=&#8220;default&#8220; global_colors_info=&#8220;{}&#8220;][et_pb_text _builder_version=&#8220;4.27.4&#8243; _module_preset=&#8220;default&#8220; header_2_text_color=&#8220;#124a2f&#8220; header_2_font_size=&#8220;30px&#8220; header_2_line_height=&#8220;1.2em&#8220; custom_margin=&#8220;||0px|||&#8220; animation_style=&#8220;fade&#8220; text_font_size_tablet=&#8220;&#8220; text_font_size_phone=&#8220;18px&#8220; text_font_size_last_edited=&#8220;on|phone&#8220; header_2_font_size_tablet=&#8220;28px&#8220; header_2_font_size_phone=&#8220;24px&#8220; header_2_font_size_last_edited=&#8220;on|phone&#8220; global_colors_info=&#8220;{}&#8220;]<\/p>\n<h2>Kultur und lokale Traditionen<\/h2>\n<p>[\/et_pb_text][et_pb_text _builder_version=&#8220;4.27.4&#8243; _module_preset=&#8220;default&#8220; text_font=&#8220;||||||||&#8220; text_text_color=&#8220;gcid-0cd5be2a-129e-4e67-a724-bf934dad2e86&#8243; text_font_size=&#8220;15px&#8220; module_alignment=&#8220;center&#8220; animation_style=&#8220;fade&#8220; global_colors_info=&#8220;{%22gcid-0cd5be2a-129e-4e67-a724-bf934dad2e86%22:%91%22text_text_color%22%93}&#8220;]<\/p>\n<p>Entdeckt die reiche Geschichte dieses Grenzlandes, besucht die charakteristischen D\u00f6rfer, die Wallfahrtsorte wie den Monte Lussari (mit der Seilbahn erreichbar), die Museen, die von vergangenen Ereignissen, einschlie\u00dflich der Zeugnisse des Ersten Weltkriegs, erz\u00e4hlen, und nehmt an Veranstaltungen teil, die die lokalen Traditionen und die Gastronomie feiern.<\/p>\n<p>[\/et_pb_text][\/et_pb_column][et_pb_column type=&#8220;1_2&#8243; module_class=&#8220;dp-vertical-align&#8220; _builder_version=&#8220;4.16&#8243; _module_preset=&#8220;default&#8220; global_colors_info=&#8220;{}&#8220;][et_pb_image src=&#8220;https:\/\/agriturismopratioitzinger.it\/wp-content\/uploads\/2025\/09\/prati-oitzinger-agriturismo-24.jpg&#8220; title_text=&#8220;prati-oitzinger-agriturismo-24&#8243; force_fullwidth=&#8220;on&#8220; _builder_version=&#8220;4.27.4&#8243; _module_preset=&#8220;default&#8220; animation_style=&#8220;slide&#8220; animation_direction=&#8220;right&#8220; animation_intensity_slide=&#8220;5%&#8220; border_radii=&#8220;on|10px|10px|10px|10px&#8220; global_colors_info=&#8220;{}&#8220;][\/et_pb_image][\/et_pb_column][\/et_pb_row][et_pb_row column_structure=&#8220;1_2,1_2&#8243; make_equal=&#8220;on&#8220; _builder_version=&#8220;4.27.4&#8243; _module_preset=&#8220;default&#8220; global_colors_info=&#8220;{}&#8220;][et_pb_column type=&#8220;1_2&#8243; module_class=&#8220;dp-vertical-align&#8220; _builder_version=&#8220;4.27.4&#8243; _module_preset=&#8220;default&#8220; global_colors_info=&#8220;{}&#8220;][et_pb_text _builder_version=&#8220;4.27.4&#8243; _module_preset=&#8220;default&#8220; header_2_text_color=&#8220;#124a2f&#8220; header_2_font_size=&#8220;30px&#8220; header_2_line_height=&#8220;1.2em&#8220; custom_margin=&#8220;||0px|||&#8220; animation_style=&#8220;fade&#8220; text_font_size_tablet=&#8220;&#8220; text_font_size_phone=&#8220;18px&#8220; text_font_size_last_edited=&#8220;on|phone&#8220; header_2_font_size_tablet=&#8220;28px&#8220; header_2_font_size_phone=&#8220;24px&#8220; header_2_font_size_last_edited=&#8220;on|phone&#8220; global_colors_info=&#8220;{}&#8220;]<\/p>\n<h2>Entspannung und Wohlbefinden<\/h2>\n<p>[\/et_pb_text][et_pb_text _builder_version=&#8220;4.27.4&#8243; _module_preset=&#8220;default&#8220; text_font=&#8220;||||||||&#8220; text_text_color=&#8220;gcid-0cd5be2a-129e-4e67-a724-bf934dad2e86&#8243; text_font_size=&#8220;15px&#8220; module_alignment=&#8220;center&#8220; animation_style=&#8220;fade&#8220; global_colors_info=&#8220;{%22gcid-0cd5be2a-129e-4e67-a724-bf934dad2e86%22:%91%22text_text_color%22%93}&#8220;]<\/p>\n<p>Manchmal ist die beste Aktivit\u00e4t einfach mal abzuschalten.<\/p>\n<p>Genie\u00dft die Ruhe und Stille unserer Wiesen, lest ein Buch mit Bergblick oder entdeckt die kleinen Freuden, die nur eine unber\u00fchrte Umgebung bieten kann.<\/p>\n<p>[\/et_pb_text][\/et_pb_column][et_pb_column type=&#8220;1_2&#8243; module_class=&#8220;dp-vertical-align&#8220; _builder_version=&#8220;4.16&#8243; _module_preset=&#8220;default&#8220; global_colors_info=&#8220;{}&#8220;][et_pb_image src=&#8220;https:\/\/agriturismopratioitzinger.it\/wp-content\/uploads\/2025\/09\/prati-oitzinger-agriturismo-5.jpg&#8220; title_text=&#8220;prati-oitzinger-agriturismo-5&#8243; force_fullwidth=&#8220;on&#8220; _builder_version=&#8220;4.27.4&#8243; _module_preset=&#8220;default&#8220; animation_style=&#8220;slide&#8220; animation_direction=&#8220;right&#8220; animation_intensity_slide=&#8220;5%&#8220; border_radii=&#8220;on|10px|10px|10px|10px&#8220; global_colors_info=&#8220;{}&#8220;][\/et_pb_image][\/et_pb_column][\/et_pb_row][\/et_pb_section][et_pb_section fb_built=&#8220;1&#8243; _builder_version=&#8220;4.27.4&#8243; _module_preset=&#8220;default&#8220; background_color=&#8220;rgba(10,10,10,0.6)&#8220; background_image=&#8220;https:\/\/agriturismopratioitzinger.it\/wp-content\/uploads\/2024\/11\/prati-oitzinger-esterni-21.jpg&#8220; background_position=&#8220;bottom_center&#8220; background_blend=&#8220;darken&#8220; custom_padding=&#8220;120px||120px||true|&#8220; global_colors_info=&#8220;{}&#8220;][et_pb_row column_structure=&#8220;1_3,1_3,1_3&#8243; use_custom_gutter=&#8220;on&#8220; _builder_version=&#8220;4.27.4&#8243; _module_preset=&#8220;default&#8220; custom_padding=&#8220;||0px|||&#8220; global_colors_info=&#8220;{}&#8220;][et_pb_column type=&#8220;1_3&#8243; _builder_version=&#8220;4.27.4&#8243; _module_preset=&#8220;default&#8220; global_colors_info=&#8220;{}&#8220;][dipi_counter count_to_number=&#8220;32&#8243; _builder_version=&#8220;4.27.4&#8243; _module_preset=&#8220;default&#8220; all_text_color=&#8220;#fbf9f6&#8243; number_font_size=&#8220;0.8em&#8220; custom_margin=&#8220;||||false|false&#8220; custom_padding=&#8220;||||false|false&#8220; global_colors_info=&#8220;{}&#8220;][\/dipi_counter][et_pb_blurb title=&#8220;Jahre Erfahrung&#8220; _builder_version=&#8220;4.27.4&#8243; _module_preset=&#8220;default&#8220; header_font_size=&#8220;24px&#8220; header_line_height=&#8220;1.2em&#8220; body_font=&#8220;|300|||||||&#8220; text_orientation=&#8220;center&#8220; background_layout=&#8220;dark&#8220; custom_margin=&#8220;-20px||||false|false&#8220; custom_margin_tablet=&#8220;&#8220; custom_margin_phone=&#8220;&#8220; custom_margin_last_edited=&#8220;on|desktop&#8220; custom_css_blurb_title=&#8220;padding-bottom: 5px;&#8220; global_colors_info=&#8220;{}&#8220;][\/et_pb_blurb][\/et_pb_column][et_pb_column type=&#8220;1_3&#8243; _builder_version=&#8220;4.16&#8243; _module_preset=&#8220;default&#8220; global_colors_info=&#8220;{}&#8220;][dipi_counter count_to_number=&#8220;10&#8243; _builder_version=&#8220;4.27.4&#8243; _module_preset=&#8220;default&#8220; all_text_color=&#8220;#fbf9f6&#8243; number_line_height=&#8220;0.8em&#8220; custom_margin=&#8220;||||false|false&#8220; custom_padding=&#8220;||||false|false&#8220; global_colors_info=&#8220;{}&#8220;][\/dipi_counter][et_pb_blurb title=&#8220;Mitarbeiter&#8220; _builder_version=&#8220;4.27.4&#8243; _module_preset=&#8220;default&#8220; header_font_size=&#8220;24px&#8220; header_line_height=&#8220;1.2em&#8220; body_font=&#8220;|300|||||||&#8220; text_orientation=&#8220;center&#8220; background_layout=&#8220;dark&#8220; custom_margin=&#8220;-20px||||false|false&#8220; custom_margin_tablet=&#8220;&#8220; custom_margin_phone=&#8220;&#8220; custom_margin_last_edited=&#8220;on|desktop&#8220; custom_css_blurb_title=&#8220;padding-bottom: 5px;&#8220; global_colors_info=&#8220;{}&#8220;][\/et_pb_blurb][\/et_pb_column][et_pb_column type=&#8220;1_3&#8243; _builder_version=&#8220;4.16&#8243; _module_preset=&#8220;default&#8220; global_colors_info=&#8220;{}&#8220;][dipi_counter suffix=&#8220;+&#8220; count_to_number=&#8220;1000&#8243; _builder_version=&#8220;4.27.4&#8243; _module_preset=&#8220;default&#8220; all_text_color=&#8220;#fbf9f6&#8243; number_font_size=&#8220;0.8em&#8220; suffix_font_size=&#8220;50px&#8220; custom_margin=&#8220;||||false|false&#8220; custom_padding=&#8220;||||false|false&#8220; number_font_size_phone=&#8220;0.8em&#8220; number_font_size_last_edited=&#8220;off|phone&#8220; global_colors_info=&#8220;{}&#8220;][\/dipi_counter][et_pb_blurb title=&#8220;Stammkunden&#8220; _builder_version=&#8220;4.27.4&#8243; _module_preset=&#8220;default&#8220; header_font_size=&#8220;24px&#8220; header_line_height=&#8220;1.2em&#8220; body_font=&#8220;|300|||||||&#8220; text_orientation=&#8220;center&#8220; background_layout=&#8220;dark&#8220; custom_margin=&#8220;-20px||||false|false&#8220; custom_margin_tablet=&#8220;&#8220; custom_margin_phone=&#8220;&#8220; custom_margin_last_edited=&#8220;on|desktop&#8220; custom_css_blurb_title=&#8220;padding-bottom: 5px;&#8220; global_colors_info=&#8220;{}&#8220;][\/et_pb_blurb][\/et_pb_column][\/et_pb_row][\/et_pb_section][et_pb_section fb_built=&#8220;1&#8243; _builder_version=&#8220;4.27.4&#8243; _module_preset=&#8220;default&#8220; background_color=&#8220;#F3F6F4&#8243; global_colors_info=&#8220;{}&#8220;][et_pb_row column_structure=&#8220;1_2,1_2&#8243; use_custom_gutter=&#8220;on&#8220; gutter_width=&#8220;2&#8243; _builder_version=&#8220;4.16&#8243; _module_preset=&#8220;default&#8220; global_colors_info=&#8220;{}&#8220;][et_pb_column type=&#8220;1_2&#8243; _builder_version=&#8220;4.16&#8243; _module_preset=&#8220;default&#8220; global_colors_info=&#8220;{}&#8220;][et_pb_text _builder_version=&#8220;4.27.4&#8243; _module_preset=&#8220;default&#8220; text_font=&#8220;|700|||||||&#8220; text_text_color=&#8220;#124a2f&#8220; text_font_size=&#8220;38px&#8220; text_line_height=&#8220;1.2em&#8220; animation_style=&#8220;fade&#8220; text_font_size_tablet=&#8220;30px&#8220; text_font_size_phone=&#8220;26px&#8220; text_font_size_last_edited=&#8220;on|phone&#8220; global_colors_info=&#8220;{}&#8220;]<\/p>\n<p>Euer Erlebnis<br \/>Nach Ma\u00df<\/p>\n<p>[\/et_pb_text][\/et_pb_column][et_pb_column type=&#8220;1_2&#8243; _builder_version=&#8220;4.16&#8243; _module_preset=&#8220;default&#8220; global_colors_info=&#8220;{}&#8220;][et_pb_text _builder_version=&#8220;4.27.4&#8243; _module_preset=&#8220;default&#8220; text_font=&#8220;||||||||&#8220; text_text_color=&#8220;gcid-0cd5be2a-129e-4e67-a724-bf934dad2e86&#8243; module_alignment=&#8220;center&#8220; animation_style=&#8220;fade&#8220; text_font_size_tablet=&#8220;&#8220; text_font_size_phone=&#8220;15px&#8220; text_font_size_last_edited=&#8220;on|phone&#8220; global_colors_info=&#8220;{%22gcid-0cd5be2a-129e-4e67-a724-bf934dad2e86%22:%91%22text_text_color%22%93}&#8220;]<\/p>\n<p>Das Sch\u00f6ne an einem Urlaub im Prati Oitzinger ist auch die M\u00f6glichkeit, <b>pers\u00f6nliche Empfehlungen zu erhalten<\/b>. Wir freuen uns darauf, eure W\u00fcnsche zu h\u00f6ren und euch bei der Planung eurer Tage zu helfen, indem wir euch die passendsten Routen vorschlagen, n\u00fctzliche Informationen liefern und, wenn m\u00f6glich, bei Reservierungen unterst\u00fctzen.<\/p>\n<p>Unsere Kenntnisse der Region stehen euch vollst\u00e4ndig zur Verf\u00fcgung, um euren Aufenthalt aktiv, interessant und perfekt auf eure Erwartungen abgestimmt zu gestalten.<\/p>\n<p><b>Macht euch bereit, das Saisera-Tal in all seinen Facetten zu erleben!<\/b><\/p>\n<p>[\/et_pb_text][et_pb_button button_url=&#8220;https:\/\/agriturismopratioitzinger.beddy.io?lang=de&#8220; button_text=&#8220;Buchen&#8220; button_alignment=&#8220;left&#8220; _builder_version=&#8220;4.27.4&#8243; _module_preset=&#8220;default&#8220; custom_button=&#8220;on&#8220; button_text_size=&#8220;13px&#8220; button_text_color=&#8220;#FFFFFF&#8220; button_bg_color=&#8220;#2A7D2E&#8220; button_border_width=&#8220;10px&#8220; button_border_color=&#8220;#2A7D2E&#8220; button_letter_spacing=&#8220;1px&#8220; button_font=&#8220;|700||on|||||&#8220; custom_margin=&#8220;||||false|false&#8220; custom_padding=&#8220;||||false|false&#8220; animation_style=&#8220;slide&#8220; animation_direction=&#8220;left&#8220; animation_intensity_slide=&#8220;10%&#8220; button_text_size_last_edited=&#8220;off|desktop&#8220; locked=&#8220;off&#8220; custom_padding__hover_enabled=&#8220;off|desktop&#8220; custom_padding__hover=&#8220;|35px|||false|false&#8220; button_border_width__hover_enabled=&#8220;on|hover&#8220; button_border_color__hover=&#8220;#2A7D2E&#8220; button_border_color__hover_enabled=&#8220;on|hover&#8220; button_border_width__hover=&#8220;10px&#8220; global_colors_info=&#8220;{%22gcid-c1040634-c125-4559-b586-647eefed2790%22:%91%22button_bg_color%22,%22button_border_color%22,%22button_bg_color%22,%22button_border_color%22,%22button_bg_color%22,%22button_border_color%22,%22button_bg_color%22,%22button_border_color%22,%22button_bg_color%22,%22button_border_color%22,%22button_bg_color%22,%22button_border_color%22,%22button_bg_color%22,%22button_border_color%22,%22button_bg_color%22,%22button_border_color%22%93}&#8220;][\/et_pb_button][\/et_pb_column][\/et_pb_row][\/et_pb_section]<\/p>\n","protected":false},"excerpt":{"rendered":"<p>Entdeckt das Saisera-Tal: Abenteuer und Entdeckungen f\u00fcr jede JahreszeitDer Agriturismo Prati Oitzinger ist der ideale Ausgangspunkt, um in die Wunder des Tarviser Landes einzutauchen, einer Region, die eine unglaubliche Vielfalt an Aktivit\u00e4ten und Erlebnissen f\u00fcr jeden Geschmack und zu jeder Jahreszeit bietet. Umgeben von der Majest\u00e4t der Julischen Alpen k\u00f6nnen unsere G\u00e4ste aus unz\u00e4hligen M\u00f6glichkeiten [&hellip;]<\/p>\n","protected":false},"author":1,"featured_media":27010619,"parent":0,"menu_order":0,"comment_status":"closed","ping_status":"closed","template":"","meta":{"_et_pb_use_builder":"on","_et_pb_old_content":"","_et_gb_content_width":"","footnotes":""},"dipi_cpt_category":[],"class_list":["post-27010372","page","type-page","status-publish","has-post-thumbnail","hentry"],"_links":{"self":[{"href":"https:\/\/agriturismopratioitzinger.it\/de\/wp-json\/wp\/v2\/pages\/27010372","targetHints":{"allow":["GET"]}}],"collection":[{"href":"https:\/\/agriturismopratioitzinger.it\/de\/wp-json\/wp\/v2\/pages"}],"about":[{"href":"https:\/\/agriturismopratioitzinger.it\/de\/wp-json\/wp\/v2\/types\/page"}],"author":[{"embeddable":true,"href":"https:\/\/agriturismopratioitzinger.it\/de\/wp-json\/wp\/v2\/users\/1"}],"replies":[{"embeddable":true,"href":"https:\/\/agriturismopratioitzinger.it\/de\/wp-json\/wp\/v2\/comments?post=27010372"}],"version-history":[{"count":0,"href":"https:\/\/agriturismopratioitzinger.it\/de\/wp-json\/wp\/v2\/pages\/27010372\/revisions"}],"wp:featuredmedia":[{"embeddable":true,"href":"https:\/\/agriturismopratioitzinger.it\/de\/wp-json\/wp\/v2\/media\/27010619"}],"wp:attachment":[{"href":"https:\/\/agriturismopratioitzinger.it\/de\/wp-json\/wp\/v2\/media?parent=27010372"}],"wp:term":[{"taxonomy":"dipi_cpt_category","embeddable":true,"href":"https:\/\/agriturismopratioitzinger.it\/de\/wp-json\/wp\/v2\/dipi_cpt_category?post=27010372"}],"curies":[{"name":"wp","href":"https:\/\/api.w.org\/{rel}","templated":true}]}}