{"id":27010347,"date":"2024-11-27T09:28:08","date_gmt":"2024-11-27T09:28:08","guid":{"rendered":"https:\/\/agriturismopratioitzinger.it\/zimmer\/"},"modified":"2025-11-28T10:10:58","modified_gmt":"2025-11-28T10:10:58","slug":"zimmer-prati-oitzinger","status":"publish","type":"page","link":"https:\/\/agriturismopratioitzinger.it\/de\/zimmer-prati-oitzinger\/","title":{"rendered":"Zimmer"},"content":{"rendered":"<p>[et_pb_section fb_built=&#8220;1&#8243; fullwidth=&#8220;on&#8220; _builder_version=&#8220;4.27.4&#8243; _module_preset=&#8220;default&#8220; custom_margin=&#8220;||||false|false&#8220; animation_direction=&#8220;top&#8220; global_colors_info=&#8220;{}&#8220;][et_pb_fullwidth_header title=&#8220;Unsere Zimmer&#8220; subhead=&#8220;Dein pers\u00f6nlicher R\u00fcckzugsort im Herzen des Saisera-Tals&#8220; text_orientation=&#8220;center&#8220; header_scroll_down=&#8220;on&#8220; scroll_down_icon=&#8220;%%0%%&#8220; scroll_down_icon_size=&#8220;40px&#8220; _builder_version=&#8220;4.27.4&#8243; _module_preset=&#8220;default&#8220; title_font_size=&#8220;3.2vw&#8220; title_line_height=&#8220;1.2em&#8220; content_font=&#8220;|300|||||||&#8220; content_font_size=&#8220;24px&#8220; subhead_font=&#8220;|300|||||||&#8220; subhead_font_size=&#8220;23px&#8220; subhead_line_height=&#8220;1.4em&#8220; background_enable_color=&#8220;off&#8220; use_background_color_gradient=&#8220;on&#8220; background_color_gradient_stops=&#8220;rgba(48,48,48,0.65) 0%|rgba(10,10,10,0.65) 100%&#8220; background_color_gradient_overlays_image=&#8220;on&#8220; background_image=&#8220;https:\/\/agriturismopratioitzinger.it\/wp-content\/uploads\/2024\/11\/prati-oitzinger-stanza-3-12.jpg&#8220; parallax=&#8220;on&#8220; custom_padding=&#8220;160px||190px||false|false&#8220; scroll_vertical_motion=&#8220;0|96|96|100|0|0|-1&#8243; title_font_size_tablet=&#8220;42px&#8220; title_font_size_phone=&#8220;26px&#8220; title_font_size_last_edited=&#8220;on|desktop&#8220; content_font_size_tablet=&#8220;24px&#8220; content_font_size_phone=&#8220;24px&#8220; content_font_size_last_edited=&#8220;on|phone&#8220; subhead_font_size_tablet=&#8220;21px&#8220; subhead_font_size_phone=&#8220;17px&#8220; subhead_font_size_last_edited=&#8220;on|phone&#8220; global_colors_info=&#8220;{}&#8220;][\/et_pb_fullwidth_header][\/et_pb_section][et_pb_section fb_built=&#8220;1&#8243; _builder_version=&#8220;4.27.4&#8243; _module_preset=&#8220;default&#8220; background_enable_color=&#8220;off&#8220; background_enable_image=&#8220;off&#8220; background_size=&#8220;contain&#8220; background_position=&#8220;bottom_right&#8220; module_alignment=&#8220;center&#8220; custom_margin=&#8220;||||false|false&#8220; custom_padding=&#8220;||||false|false&#8220; border_radii=&#8220;on|10px|10px|10px|10px&#8220; global_colors_info=&#8220;{}&#8220;][et_pb_row _builder_version=&#8220;4.16&#8243; _module_preset=&#8220;default&#8220; custom_padding=&#8220;||0px|||&#8220; global_colors_info=&#8220;{}&#8220;][et_pb_column type=&#8220;4_4&#8243; _builder_version=&#8220;4.16&#8243; _module_preset=&#8220;default&#8220; global_colors_info=&#8220;{}&#8220;][et_pb_text _builder_version=&#8220;4.27.4&#8243; _module_preset=&#8220;default&#8220; header_3_font=&#8220;|600|||||||&#8220; header_3_text_align=&#8220;left&#8220; header_3_text_color=&#8220;#124A2F&#8220; header_3_font_size=&#8220;28px&#8220; header_3_line_height=&#8220;1.2em&#8220; text_orientation=&#8220;center&#8220; custom_margin=&#8220;||15px|||&#8220; animation_style=&#8220;fade&#8220; header_3_font_size_tablet=&#8220;26px&#8220; header_3_font_size_phone=&#8220;21px&#8220; header_3_font_size_last_edited=&#8220;on|phone&#8220; global_colors_info=&#8220;{}&#8220;]<\/p>\n<h3>Willkommen im Bereich, der deiner Erholung im Agriturismo Prati Oitzinger gewidmet ist.<\/h3>\n<p>[\/et_pb_text][\/et_pb_column][\/et_pb_row][et_pb_row column_structure=&#8220;1_2,1_2&#8243; use_custom_gutter=&#8220;on&#8220; gutter_width=&#8220;2&#8243; _builder_version=&#8220;4.27.4&#8243; _module_preset=&#8220;default&#8220; custom_padding=&#8220;0px|||||&#8220; global_colors_info=&#8220;{}&#8220;][et_pb_column type=&#8220;1_2&#8243; _builder_version=&#8220;4.16&#8243; _module_preset=&#8220;default&#8220; global_colors_info=&#8220;{}&#8220;][et_pb_text _builder_version=&#8220;4.27.4&#8243; _module_preset=&#8220;default&#8220; text_text_color=&#8220;gcid-0cd5be2a-129e-4e67-a724-bf934dad2e86&#8243; text_font_size=&#8220;15px&#8220; header_3_font=&#8220;|600|||||||&#8220; header_3_font_size=&#8220;24px&#8220; header_3_line_height=&#8220;1.2em&#8220; animation_style=&#8220;fade&#8220; global_colors_info=&#8220;{%22gcid-0cd5be2a-129e-4e67-a724-bf934dad2e86%22:%91%22text_text_color%22%93}&#8220;]<\/p>\n<p>Willkommen im Bereich, der deiner Erholung im Agriturismo Prati Oitzinger gewidmet ist. Wir haben jedes Detail sorgf\u00e4ltig ausgew\u00e4hlt, um dir einen Aufenthalt zu bieten, der die W\u00e4rme famili\u00e4rer Gastfreundschaft mit dem Komfort und der Ruhe verbindet, die nur eine naturnahe Umgebung schenken kann. <\/p>\n<p>Unsere Zimmer sind mehr als nur ein Schlafplatz: Sie sind dein gem\u00fctliches Nest nach einem Tag voller Entdeckungen, der Ausgangspunkt f\u00fcr neue Abenteuer und der Ort, an dem du K\u00f6rper und Geist regenerieren kannst.<\/p>\n<p>[\/et_pb_text][\/et_pb_column][et_pb_column type=&#8220;1_2&#8243; _builder_version=&#8220;4.16&#8243; _module_preset=&#8220;default&#8220; global_colors_info=&#8220;{}&#8220;][et_pb_text _builder_version=&#8220;4.27.4&#8243; _module_preset=&#8220;default&#8220; text_text_color=&#8220;gcid-0cd5be2a-129e-4e67-a724-bf934dad2e86&#8243; text_font_size=&#8220;15px&#8220; header_3_font=&#8220;|600|||||||&#8220; header_3_font_size=&#8220;24px&#8220; header_3_line_height=&#8220;1.2em&#8220; animation_style=&#8220;fade&#8220; global_colors_info=&#8220;{%22gcid-0cd5be2a-129e-4e67-a724-bf934dad2e86%22:%91%22text_text_color%22%93}&#8220;]<\/p>\n<p>Jedes Zimmer erz\u00e4hlt eine Geschichte, mit einem einzigartigen Charakter, der darauf ausgelegt ist, verschiedene Bed\u00fcrfnisse zu erf\u00fcllen \u2013 von Paaren, die einen romantischen Winkel suchen, bis hin zu Familien, die Platz und Praktikabilit\u00e4t w\u00fcnschen.<\/p>\n<p>Obwohl sie unterschiedlich sind, teilen alle unsere Unterk\u00fcnfte das Versprechen einer ruhigen Atmosph\u00e4re, makelloser Sauberkeit und einer Aussicht, die dich mit der Sch\u00f6nheit der Julischen Alpen verbinden wird.<\/p>\n<p>[\/et_pb_text][\/et_pb_column][\/et_pb_row][\/et_pb_section][et_pb_section fb_built=&#8220;1&#8243; _builder_version=&#8220;4.27.4&#8243; _module_preset=&#8220;default&#8220; background_color=&#8220;#F3F6F4&#8243; background_enable_image=&#8220;off&#8220; background_size=&#8220;contain&#8220; background_position=&#8220;bottom_right&#8220; module_alignment=&#8220;center&#8220; custom_margin=&#8220;||||false|false&#8220; custom_padding=&#8220;||||false|false&#8220; border_radii=&#8220;on|10px|10px|10px|10px&#8220; global_colors_info=&#8220;{}&#8220;][et_pb_row use_custom_gutter=&#8220;on&#8220; gutter_width=&#8220;2&#8243; _builder_version=&#8220;4.27.4&#8243; _module_preset=&#8220;default&#8220; custom_padding=&#8220;||||false|false&#8220; global_colors_info=&#8220;{}&#8220;][et_pb_column type=&#8220;4_4&#8243; _builder_version=&#8220;4.16&#8243; _module_preset=&#8220;default&#8220; global_colors_info=&#8220;{}&#8220;][et_pb_text content_tablet=&#8220;<\/p>\n<h3><strong>Entdecke unten unsere Angebote<br \/>\nund finde das perfekte Zimmer f\u00fcr deinen Urlaub.<\/strong><\/h3>\n<p>Klicke auf jedes Zimmer, um die Details,<br \/>\ndie spezifischen Services zu erkunden und dich f\u00fcr deinen n\u00e4chsten Aufenthalt inspirieren zu lassen.&#8220; content_phone=&#8220;<\/p>\n<h3><strong>Entdecke unten unsere Angebote und finde das perfekte Zimmer f\u00fcr deinen Urlaub.<\/strong><\/h3>\n<p>Klicke auf jedes Zimmer, um die Details, die spezifischen Services zu erkunden und dich f\u00fcr deinen n\u00e4chsten Aufenthalt inspirieren zu lassen.&#8220; content_last_edited=&#8220;on|phone&#8220; _builder_version=&#8220;4.27.4&#8243; _module_preset=&#8220;default&#8220; text_text_color=&#8220;gcid-0cd5be2a-129e-4e67-a724-bf934dad2e86&#8243; text_line_height=&#8220;1.6em&#8220; header_3_font=&#8220;|600|||||||&#8220; header_3_text_align=&#8220;center&#8220; header_3_text_color=&#8220;#124A2F&#8220; header_3_font_size=&#8220;24px&#8220; header_3_line_height=&#8220;1.4em&#8220; text_orientation=&#8220;center&#8220; animation_style=&#8220;fade&#8220; header_3_text_align_tablet=&#8220;left&#8220; header_3_text_align_phone=&#8220;left&#8220; header_3_text_align_last_edited=&#8220;on|phone&#8220; header_3_font_size_tablet=&#8220;23px&#8220; header_3_font_size_phone=&#8220;19px&#8220; header_3_font_size_last_edited=&#8220;on|phone&#8220; text_orientation_tablet=&#8220;left&#8220; text_orientation_phone=&#8220;left&#8220; text_orientation_last_edited=&#8220;on|tablet&#8220; global_colors_info=&#8220;{%22gcid-0cd5be2a-129e-4e67-a724-bf934dad2e86%22:%91%22text_text_color%22%93}&#8220;]<\/p>\n<h3><strong>Entdecke unten unsere Angebote<br \/>\nund finde das perfekte Zimmer f\u00fcr deinen Urlaub.<\/strong><\/h3>\n<p>Klicke auf jedes Zimmer, um die Details,<br \/>\ndie spezifischen Services zu erkunden und dich f\u00fcr deinen n\u00e4chsten Aufenthalt inspirieren zu lassen.[\/et_pb_text][et_pb_button button_url=&#8220;https:\/\/agriturismopratioitzinger.beddy.io?lang=de&#8220; button_text=&#8220;Buchen&#8220; button_alignment=&#8220;center&#8220; _builder_version=&#8220;4.27.4&#8243; _module_preset=&#8220;default&#8220; custom_button=&#8220;on&#8220; button_text_size=&#8220;13px&#8220; button_text_color=&#8220;#FFFFFF&#8220; button_bg_color=&#8220;#2A7D2E&#8220; button_border_width=&#8220;10px&#8220; button_border_color=&#8220;#2A7D2E&#8220; button_letter_spacing=&#8220;1px&#8220; button_font=&#8220;|700||on|||||&#8220; custom_margin=&#8220;||||false|false&#8220; custom_padding=&#8220;||||false|false&#8220; animation_style=&#8220;slide&#8220; animation_direction=&#8220;left&#8220; animation_intensity_slide=&#8220;10%&#8220; hover_enabled=&#8220;0&#8243; button_text_size_last_edited=&#8220;off|desktop&#8220; locked=&#8220;off&#8220; custom_padding__hover_enabled=&#8220;off|desktop&#8220; custom_padding__hover=&#8220;|35px|||false|false&#8220; button_border_width__hover_enabled=&#8220;on|hover&#8220; button_border_color__hover=&#8220;#2A7D2E&#8220; button_border_color__hover_enabled=&#8220;on|hover&#8220; button_border_width__hover=&#8220;10px&#8220; global_colors_info=&#8220;{%22gcid-c1040634-c125-4559-b586-647eefed2790%22:%91%22button_bg_color%22,%22button_border_color%22,%22button_bg_color%22,%22button_border_color%22,%22button_bg_color%22,%22button_border_color%22,%22button_bg_color%22,%22button_border_color%22,%22button_bg_color%22,%22button_border_color%22,%22button_bg_color%22,%22button_border_color%22,%22button_bg_color%22,%22button_border_color%22,%22button_bg_color%22,%22button_border_color%22%93}&#8220; sticky_enabled=&#8220;0&#8243;][\/et_pb_button][\/et_pb_column][\/et_pb_row][et_pb_row column_structure=&#8220;1_2,1_2&#8243; use_custom_gutter=&#8220;on&#8220; gutter_width=&#8220;2&#8243; _builder_version=&#8220;4.27.4&#8243; _module_preset=&#8220;default&#8220; width=&#8220;90%&#8220; custom_padding=&#8220;||0px|||&#8220; global_colors_info=&#8220;{}&#8220;][et_pb_column type=&#8220;1_2&#8243; _builder_version=&#8220;4.16&#8243; _module_preset=&#8220;default&#8220; global_colors_info=&#8220;{}&#8220;][dipi_hover_box content_title=&#8220;Giglio Martagone&#8220; content_hover_title=&#8220;Vielseitigkeit und Charme mit Aussicht&#8220; hover_box_align_front=&#8220;bottom&#8220; hover_box_align_back=&#8220;bottom&#8220; content_hover_bg_use_color_gradient=&#8220;on&#8220; content_hover_bg_color_gradient_direction=&#8220;360deg&#8220; content_hover_bg_color_gradient_stops=&#8220;rgba(0,30,15,0.8) 0%|rgba(6,43,27,0) 100%&#8220; content_hover_bg_color_gradient_start=&#8220;rgba(0,30,15,0.8)&#8220; content_hover_bg_color_gradient_end=&#8220;rgba(6,43,27,0)&#8220; _builder_version=&#8220;4.27.4&#8243; _dynamic_attributes=&#8220;link_option_url&#8220; _module_preset=&#8220;default&#8220; content_title_text_color=&#8220;#FBF9F6&#8243; content_title_font_size=&#8220;32px&#8220; content_hover_title_font=&#8220;|300|||||||&#8220; content_hover_title_text_color=&#8220;#ffffff&#8220; content_hover_title_font_size=&#8220;17px&#8220; content_hover_desc_font=&#8220;|300|||||||&#8220; content_hover_desc_text_color=&#8220;#ffffff&#8220; content_hover_desc_font_size=&#8220;16px&#8220; background_image=&#8220;https:\/\/agriturismopratioitzinger.it\/wp-content\/uploads\/2024\/11\/prati-oitzinger-stanza-1-1.jpg&#8220; animation_style=&#8220;fade&#8220; link_option_url=&#8220;@ET-DC@eyJkeW5hbWljIjp0cnVlLCJjb250ZW50IjoicG9zdF9saW5rX3VybF9wcm9qZWN0Iiwic2V0dGluZ3MiOnsicG9zdF9pZCI6IjYwMzcifX0=@&#8220; content_title_font_size_tablet=&#8220;32px&#8220; content_title_font_size_phone=&#8220;23px&#8220; content_title_font_size_last_edited=&#8220;on|desktop&#8220; border_radii=&#8220;on|10px|10px|10px|10px&#8220; global_colors_info=&#8220;{}&#8220; overlay_bg_color_gradient_type_tablet=&#8220;linear&#8220; overlay_bg_color_gradient_type_phone=&#8220;linear&#8220; overlay_bg_color_gradient_type__hover=&#8220;linear&#8220; image_bg_color_gradient_type__hover=&#8220;linear&#8220;][\/dipi_hover_box][\/et_pb_column][et_pb_column type=&#8220;1_2&#8243; _builder_version=&#8220;4.16&#8243; _module_preset=&#8220;default&#8220; global_colors_info=&#8220;{}&#8220;][dipi_hover_box content_title=&#8220;Ciclamino&#8220; content_hover_title=&#8220;Intimit\u00e4t und Einfachheit im Herzen der Alpen&#8220; hover_box_align_front=&#8220;bottom&#8220; hover_box_align_back=&#8220;bottom&#8220; content_hover_bg_use_color_gradient=&#8220;on&#8220; content_hover_bg_color_gradient_direction=&#8220;360deg&#8220; content_hover_bg_color_gradient_stops=&#8220;rgba(0,30,15,0.8) 0%|rgba(6,43,27,0) 100%&#8220; content_hover_bg_color_gradient_start=&#8220;rgba(0,30,15,0.8)&#8220; content_hover_bg_color_gradient_end=&#8220;rgba(6,43,27,0)&#8220; _builder_version=&#8220;4.27.4&#8243; _dynamic_attributes=&#8220;link_option_url&#8220; _module_preset=&#8220;default&#8220; content_title_text_color=&#8220;#FBF9F6&#8243; content_title_font_size=&#8220;32px&#8220; content_hover_title_font=&#8220;|300|||||||&#8220; content_hover_title_text_color=&#8220;#ffffff&#8220; content_hover_title_font_size=&#8220;17px&#8220; content_hover_desc_font=&#8220;|300|||||||&#8220; content_hover_desc_text_color=&#8220;#ffffff&#8220; content_hover_desc_font_size=&#8220;16px&#8220; background_image=&#8220;https:\/\/agriturismopratioitzinger.it\/wp-content\/uploads\/2024\/11\/prati-oitzinger-stanza-2-20.jpg&#8220; animation_style=&#8220;fade&#8220; link_option_url=&#8220;@ET-DC@eyJkeW5hbWljIjp0cnVlLCJjb250ZW50IjoicG9zdF9saW5rX3VybF9wcm9qZWN0Iiwic2V0dGluZ3MiOnsicG9zdF9pZCI6IjIwOSJ9fQ==@&#8220; content_title_font_size_tablet=&#8220;32px&#8220; content_title_font_size_phone=&#8220;23px&#8220; content_title_font_size_last_edited=&#8220;on|desktop&#8220; border_radii=&#8220;on|10px|10px|10px|10px&#8220; global_colors_info=&#8220;{}&#8220; overlay_bg_color_gradient_type_tablet=&#8220;linear&#8220; overlay_bg_color_gradient_type_phone=&#8220;linear&#8220; overlay_bg_color_gradient_type__hover=&#8220;linear&#8220; image_bg_color_gradient_type__hover=&#8220;linear&#8220;][\/dipi_hover_box][\/et_pb_column][\/et_pb_row][et_pb_row column_structure=&#8220;1_2,1_2&#8243; use_custom_gutter=&#8220;on&#8220; gutter_width=&#8220;2&#8243; _builder_version=&#8220;4.27.4&#8243; _module_preset=&#8220;default&#8220; width=&#8220;90%&#8220; locked=&#8220;off&#8220; global_colors_info=&#8220;{}&#8220;][et_pb_column type=&#8220;1_2&#8243; _builder_version=&#8220;4.16&#8243; _module_preset=&#8220;default&#8220; global_colors_info=&#8220;{}&#8220;][dipi_hover_box content_title=&#8220;Centaurea &#8220; content_hover_title=&#8220;Platz und Komfort f\u00fcr die ganze Familie&#8220; hover_box_align_front=&#8220;bottom&#8220; hover_box_align_back=&#8220;bottom&#8220; content_hover_bg_use_color_gradient=&#8220;on&#8220; content_hover_bg_color_gradient_direction=&#8220;360deg&#8220; content_hover_bg_color_gradient_stops=&#8220;rgba(0,30,15,0.8) 0%|rgba(6,43,27,0) 100%&#8220; content_hover_bg_color_gradient_start=&#8220;rgba(0,30,15,0.8)&#8220; content_hover_bg_color_gradient_end=&#8220;rgba(6,43,27,0)&#8220; _builder_version=&#8220;4.27.4&#8243; _dynamic_attributes=&#8220;link_option_url&#8220; _module_preset=&#8220;default&#8220; content_title_text_color=&#8220;#FBF9F6&#8243; content_title_font_size=&#8220;32px&#8220; content_hover_title_font=&#8220;|300|||||||&#8220; content_hover_title_text_color=&#8220;#ffffff&#8220; content_hover_title_font_size=&#8220;17px&#8220; content_hover_desc_font=&#8220;|300|||||||&#8220; content_hover_desc_text_color=&#8220;#ffffff&#8220; content_hover_desc_font_size=&#8220;16px&#8220; background_image=&#8220;https:\/\/agriturismopratioitzinger.it\/wp-content\/uploads\/2024\/11\/prati-oitzinger-stanza-4-4.jpg&#8220; animation_style=&#8220;fade&#8220; link_option_url=&#8220;@ET-DC@eyJkeW5hbWljIjp0cnVlLCJjb250ZW50IjoicG9zdF9saW5rX3VybF9wcm9qZWN0Iiwic2V0dGluZ3MiOnsicG9zdF9pZCI6IjYwNDIifX0=@&#8220; content_title_font_size_tablet=&#8220;32px&#8220; content_title_font_size_phone=&#8220;23px&#8220; content_title_font_size_last_edited=&#8220;on|desktop&#8220; border_radii=&#8220;on|10px|10px|10px|10px&#8220; global_colors_info=&#8220;{}&#8220; overlay_bg_color_gradient_type_tablet=&#8220;linear&#8220; overlay_bg_color_gradient_type_phone=&#8220;linear&#8220; overlay_bg_color_gradient_type__hover=&#8220;linear&#8220; image_bg_color_gradient_type__hover=&#8220;linear&#8220;][\/dipi_hover_box][\/et_pb_column][et_pb_column type=&#8220;1_2&#8243; _builder_version=&#8220;4.16&#8243; _module_preset=&#8220;default&#8220; global_colors_info=&#8220;{}&#8220;][dipi_hover_box content_title=&#8220;Alpenk\u00f6nigin&#8220; content_hover_title=&#8220;Komfort und privilegierte Aussicht&#8220; hover_box_align_front=&#8220;bottom&#8220; hover_box_align_back=&#8220;bottom&#8220; content_hover_bg_use_color_gradient=&#8220;on&#8220; content_hover_bg_color_gradient_direction=&#8220;360deg&#8220; content_hover_bg_color_gradient_stops=&#8220;rgba(0,30,15,0.8) 0%|rgba(6,43,27,0) 100%&#8220; content_hover_bg_color_gradient_start=&#8220;rgba(0,30,15,0.8)&#8220; content_hover_bg_color_gradient_end=&#8220;rgba(6,43,27,0)&#8220; _builder_version=&#8220;4.27.4&#8243; _dynamic_attributes=&#8220;link_option_url&#8220; _module_preset=&#8220;default&#8220; content_title_text_color=&#8220;#FBF9F6&#8243; content_title_font_size=&#8220;32px&#8220; content_hover_title_font=&#8220;|300|||||||&#8220; content_hover_title_text_color=&#8220;#ffffff&#8220; content_hover_title_font_size=&#8220;17px&#8220; content_hover_desc_font=&#8220;|300|||||||&#8220; content_hover_desc_text_color=&#8220;#ffffff&#8220; content_hover_desc_font_size=&#8220;16px&#8220; background_image=&#8220;https:\/\/agriturismopratioitzinger.it\/wp-content\/uploads\/2024\/11\/prati-oitzinger-stanza-5-8.jpg&#8220; animation_style=&#8220;fade&#8220; link_option_url=&#8220;@ET-DC@eyJkeW5hbWljIjp0cnVlLCJjb250ZW50IjoicG9zdF9saW5rX3VybF9wcm9qZWN0Iiwic2V0dGluZ3MiOnsicG9zdF9pZCI6IjYwNDcifX0=@&#8220; content_title_font_size_tablet=&#8220;32px&#8220; content_title_font_size_phone=&#8220;23px&#8220; content_title_font_size_last_edited=&#8220;on|desktop&#8220; border_radii=&#8220;on|10px|10px|10px|10px&#8220; global_colors_info=&#8220;{}&#8220; overlay_bg_color_gradient_type_tablet=&#8220;linear&#8220; overlay_bg_color_gradient_type_phone=&#8220;linear&#8220; overlay_bg_color_gradient_type__hover=&#8220;linear&#8220; image_bg_color_gradient_type__hover=&#8220;linear&#8220;][\/dipi_hover_box][\/et_pb_column][\/et_pb_row][\/et_pb_section]<\/p>\n","protected":false},"excerpt":{"rendered":"<p>Willkommen im Bereich, der deiner Erholung im Agriturismo Prati Oitzinger gewidmet ist.Willkommen im Bereich, der deiner Erholung im Agriturismo Prati Oitzinger gewidmet ist. Wir haben jedes Detail sorgf\u00e4ltig ausgew\u00e4hlt, um dir einen Aufenthalt zu bieten, der die W\u00e4rme famili\u00e4rer Gastfreundschaft mit dem Komfort und der Ruhe verbindet, die nur eine naturnahe Umgebung schenken kann. Unsere [&hellip;]<\/p>\n","protected":false},"author":1,"featured_media":27010611,"parent":0,"menu_order":0,"comment_status":"closed","ping_status":"closed","template":"","meta":{"_et_pb_use_builder":"on","_et_pb_old_content":"","_et_gb_content_width":"","footnotes":""},"dipi_cpt_category":[],"class_list":["post-27010347","page","type-page","status-publish","has-post-thumbnail","hentry"],"_links":{"self":[{"href":"https:\/\/agriturismopratioitzinger.it\/de\/wp-json\/wp\/v2\/pages\/27010347","targetHints":{"allow":["GET"]}}],"collection":[{"href":"https:\/\/agriturismopratioitzinger.it\/de\/wp-json\/wp\/v2\/pages"}],"about":[{"href":"https:\/\/agriturismopratioitzinger.it\/de\/wp-json\/wp\/v2\/types\/page"}],"author":[{"embeddable":true,"href":"https:\/\/agriturismopratioitzinger.it\/de\/wp-json\/wp\/v2\/users\/1"}],"replies":[{"embeddable":true,"href":"https:\/\/agriturismopratioitzinger.it\/de\/wp-json\/wp\/v2\/comments?post=27010347"}],"version-history":[{"count":0,"href":"https:\/\/agriturismopratioitzinger.it\/de\/wp-json\/wp\/v2\/pages\/27010347\/revisions"}],"wp:featuredmedia":[{"embeddable":true,"href":"https:\/\/agriturismopratioitzinger.it\/de\/wp-json\/wp\/v2\/media\/27010611"}],"wp:attachment":[{"href":"https:\/\/agriturismopratioitzinger.it\/de\/wp-json\/wp\/v2\/media?parent=27010347"}],"wp:term":[{"taxonomy":"dipi_cpt_category","embeddable":true,"href":"https:\/\/agriturismopratioitzinger.it\/de\/wp-json\/wp\/v2\/dipi_cpt_category?post=27010347"}],"curies":[{"name":"wp","href":"https:\/\/api.w.org\/{rel}","templated":true}]}}